{"id":30,"date":"2022-03-11T09:05:59","date_gmt":"2022-03-11T09:05:59","guid":{"rendered":"https:\/\/elmot.de\/?page_id=30"},"modified":"2022-03-11T10:56:28","modified_gmt":"2022-03-11T10:56:28","slug":"datenschutz","status":"publish","type":"page","link":"https:\/\/elmot.de\/?page_id=30","title":{"rendered":"Datenschutz"},"content":{"rendered":"\n<p>Wir speichern durch den Besuch unserer Webseiten unter https:\/\/www.elmot.de keine personenbezogenen Daten \u00fcber Sie. Auch setzen wir weder Cookies noch Tracking-Software ein. Sie k\u00f6nnen unsere Webseiten ohne jede Eingabe personenbezogener Daten in vollem Umfang nutzen.<\/p>\n\n\n\n<p>Bei jedem Zugriff auf unsere Website \u00dcbermittelt Ihr Internetbrowser automatisch Nutzungsdaten, die in Protokolldaten (sog. Server-Logfiles) gespeichert werden. Zu den gespeicherten Daten geh\u00f6ren z.B. der Dateiname der aufgerufenen Seite, Datum und Uhrzeit des Abrufs, die Bezeichnung des Betriebssystems, die \u00fcbertragene Datenmenge und der anfragende Providername.<\/p>\n\n\n\n<p>Solche Daten dienen ausschlie\u00df\u009flich der Gew\u00e4hrleistung eines st\u00f6rungsfreien Betriebs unserer Website. Eine Zuordnung dieser Daten zu einer bestimmten Person ist nicht m\u00f6glich. Insbesondere wird Ihre IP-Adresse, an die die angeforderten Inhalte gesendet werden sollen, nur verk\u00fcrzt und somit anonymisiert gespeichert.<\/p>\n","protected":false},"excerpt":{"rendered":"<p>Wir speichern durch den Besuch unserer Webseiten unter https:\/\/www.elmot.de keine personenbezogenen Daten \u00fcber Sie. Auch setzen wir weder Cookies noch Tracking-Software ein. Sie k\u00f6nnen unsere Webseiten ohne jede Eingabe personenbezogener Daten in vollem Umfang nutzen. Bei jedem Zugriff auf unsere Website \u00dcbermittelt Ihr Internetbrowser automatisch Nutzungsdaten, die in Protokolldaten (sog. Server-Logfiles) gespeichert werden. Zu den [&hellip;]<\/p>\n","protected":false},"author":1,"featured_media":0,"parent":0,"menu_order":0,"comment_status":"closed","ping_status":"closed","template":"","meta":{"footnotes":""},"class_list":["post-30","page","type-page","status-publish","hentry"],"_links":{"self":[{"href":"https:\/\/elmot.de\/index.php?rest_route=\/wp\/v2\/pages\/30","targetHints":{"allow":["GET"]}}],"collection":[{"href":"https:\/\/elmot.de\/index.php?rest_route=\/wp\/v2\/pages"}],"about":[{"href":"https:\/\/elmot.de\/index.php?rest_route=\/wp\/v2\/types\/page"}],"author":[{"embeddable":true,"href":"https:\/\/elmot.de\/index.php?rest_route=\/wp\/v2\/users\/1"}],"replies":[{"embeddable":true,"href":"https:\/\/elmot.de\/index.php?rest_route=%2Fwp%2Fv2%2Fcomments&post=30"}],"version-history":[{"count":2,"href":"https:\/\/elmot.de\/index.php?rest_route=\/wp\/v2\/pages\/30\/revisions"}],"predecessor-version":[{"id":69,"href":"https:\/\/elmot.de\/index.php?rest_route=\/wp\/v2\/pages\/30\/revisions\/69"}],"wp:attachment":[{"href":"https:\/\/elmot.de\/index.php?rest_route=%2Fwp%2Fv2%2Fmedia&parent=30"}],"curies":[{"name":"wp","href":"https:\/\/api.w.org\/{rel}","templated":true}]}}