{"id":186,"date":"2022-10-17T07:55:19","date_gmt":"2022-10-17T07:55:19","guid":{"rendered":"https:\/\/elmot.de\/?page_id=186"},"modified":"2026-03-02T11:20:04","modified_gmt":"2026-03-02T11:20:04","slug":"ausbildung","status":"publish","type":"page","link":"https:\/\/elmot.de\/?page_id=186","title":{"rendered":"Ausbildung"},"content":{"rendered":"\n<p class=\"has-black-color has-text-color\">Unser Betrieb ist einer der letzten Ausbildungsbetriebe f\u00fcr <a rel=\"noreferrer noopener\" href=\"https:\/\/www.e-zubis.de\/ausbildungsberufe-ausbildung-zum-elektroniker\/elektroniker-fuer-maschinen-und-antriebstechnik\" target=\"_blank\"><strong>ElektronikerInnen f\u00fcr Maschinen- und Antriebstechnik<\/strong><\/a> in K\u00f6ln.<br>Seit vielen Jahren bilden wir regelm\u00e4\u00dfig junge Menschen aus, die in unserem Betrieb abwechslungsreiche Aufgabenfelder kennenlernen und eine weit gef\u00e4cherte Grundausbildung erhalten.<\/p>\n\n\n\n<p class=\"has-black-color has-text-color\">Der n\u00e4chster Ausbildungsbeginn ist im Sommer 2028.<\/p>\n\n\n\n<p class=\"has-black-color has-text-color\">Bei Interesse bitte eine Bewerbung an elmot@elmot.de schicken.  <br> <\/p>\n","protected":false},"excerpt":{"rendered":"<p>Unser Betrieb ist einer der letzten Ausbildungsbetriebe f\u00fcr ElektronikerInnen f\u00fcr Maschinen- und Antriebstechnik in K\u00f6ln.Seit vielen Jahren bilden wir regelm\u00e4\u00dfig junge Menschen aus, die in unserem Betrieb abwechslungsreiche Aufgabenfelder kennenlernen und eine weit gef\u00e4cherte Grundausbildung erhalten. Der n\u00e4chster Ausbildungsbeginn ist im Sommer 2028. Bei Interesse bitte eine Bewerbung an elmot@elmot.de schicken.<\/p>\n","protected":false},"author":1,"featured_media":0,"parent":0,"menu_order":0,"comment_status":"closed","ping_status":"closed","template":"","meta":{"footnotes":""},"class_list":["post-186","page","type-page","status-publish","hentry"],"_links":{"self":[{"href":"https:\/\/elmot.de\/index.php?rest_route=\/wp\/v2\/pages\/186","targetHints":{"allow":["GET"]}}],"collection":[{"href":"https:\/\/elmot.de\/index.php?rest_route=\/wp\/v2\/pages"}],"about":[{"href":"https:\/\/elmot.de\/index.php?rest_route=\/wp\/v2\/types\/page"}],"author":[{"embeddable":true,"href":"https:\/\/elmot.de\/index.php?rest_route=\/wp\/v2\/users\/1"}],"replies":[{"embeddable":true,"href":"https:\/\/elmot.de\/index.php?rest_route=%2Fwp%2Fv2%2Fcomments&post=186"}],"version-history":[{"count":4,"href":"https:\/\/elmot.de\/index.php?rest_route=\/wp\/v2\/pages\/186\/revisions"}],"predecessor-version":[{"id":250,"href":"https:\/\/elmot.de\/index.php?rest_route=\/wp\/v2\/pages\/186\/revisions\/250"}],"wp:attachment":[{"href":"https:\/\/elmot.de\/index.php?rest_route=%2Fwp%2Fv2%2Fmedia&parent=186"}],"curies":[{"name":"wp","href":"https:\/\/api.w.org\/{rel}","templated":true}]}}