{"id":15,"date":"2022-03-11T08:52:50","date_gmt":"2022-03-11T08:52:50","guid":{"rendered":"https:\/\/elmot.de\/?page_id=15"},"modified":"2024-12-03T00:09:22","modified_gmt":"2024-12-03T00:09:22","slug":"impressum","status":"publish","type":"page","link":"https:\/\/elmot.de\/?page_id=15","title":{"rendered":"Impressum"},"content":{"rendered":"\n<p>ELMOT GmbH<br>Mertener Str. 1a<br>50968 K\u00f6ln<\/p>\n\n\n\n<p><br>Gesch\u00e4ftsf\u00fchrer: Marcel Beyenburg<br>Handelsregister K\u00f6ln: HRB 80160<br>Umsatzsteuer-ID: DE292508764<br>&nbsp;<br>Verantwortlicher Anbieter der Webseiten unter<br>www.elmot.de gem\u00e4\u00df \u00a7 5 TMG \/ \u00a7 55 RStV:<br>Marcel Beyenburg, Anschrift wie oben<\/p>\n\n\n\n<p class=\"has-black-color has-text-color\"><a rel=\"noreferrer noopener\" href=\"https:\/\/elmot.de\/downloads\/ELMOT_GmbH_ Reparaturbedingungen.pdf\" target=\"_blank\">Hier klicken<\/a> zum <em>Download der Gesch\u00e4ftsbedingungen<br>f\u00fcr Reparaturauftr\u00e4ge<\/em> als PDF<\/p>\n\n\n\n<p><a href=\"https:\/\/elmot.de\/downloads\/ELMOT_GmbH_Freistellungsbescheinigung_bis_2026.pdf\" data-type=\"link\" data-id=\"https:\/\/elmot.de\/downloads\/ELMOT_GmbH_Freistellungsbescheinigung_bis_2026.pdf\" target=\"_blank\" rel=\"noreferrer noopener\">Hier klicken<\/a><a href=\"https:\/\/elmot.de\/wp-content\/uploads\/2023\/08\/ELMOT_GmbH_Freistellungsbescheinigung_bis_2024.pdf\"> <\/a>zum <em>Download der Freistellungsbescheinigung<br>zum Steuerabzug bei Bauleistungen<\/em>, g\u00fcltig bis 31. Dezember 2026 als PDF<br><\/p>\n\n\n\n<p><\/p>\n","protected":false},"excerpt":{"rendered":"<p>ELMOT GmbHMertener Str. 1a50968 K\u00f6ln Gesch\u00e4ftsf\u00fchrer: Marcel BeyenburgHandelsregister K\u00f6ln: HRB 80160Umsatzsteuer-ID: DE292508764&nbsp;Verantwortlicher Anbieter der Webseiten unterwww.elmot.de gem\u00e4\u00df \u00a7 5 TMG \/ \u00a7 55 RStV:Marcel Beyenburg, Anschrift wie oben Hier klicken zum Download der Gesch\u00e4ftsbedingungenf\u00fcr Reparaturauftr\u00e4ge als PDF Hier klicken zum Download der Freistellungsbescheinigungzum Steuerabzug bei Bauleistungen, g\u00fcltig bis 31. Dezember 2026 als PDF<\/p>\n","protected":false},"author":1,"featured_media":0,"parent":0,"menu_order":0,"comment_status":"closed","ping_status":"closed","template":"","meta":{"footnotes":""},"class_list":["post-15","page","type-page","status-publish","hentry"],"_links":{"self":[{"href":"https:\/\/elmot.de\/index.php?rest_route=\/wp\/v2\/pages\/15","targetHints":{"allow":["GET"]}}],"collection":[{"href":"https:\/\/elmot.de\/index.php?rest_route=\/wp\/v2\/pages"}],"about":[{"href":"https:\/\/elmot.de\/index.php?rest_route=\/wp\/v2\/types\/page"}],"author":[{"embeddable":true,"href":"https:\/\/elmot.de\/index.php?rest_route=\/wp\/v2\/users\/1"}],"replies":[{"embeddable":true,"href":"https:\/\/elmot.de\/index.php?rest_route=%2Fwp%2Fv2%2Fcomments&post=15"}],"version-history":[{"count":26,"href":"https:\/\/elmot.de\/index.php?rest_route=\/wp\/v2\/pages\/15\/revisions"}],"predecessor-version":[{"id":239,"href":"https:\/\/elmot.de\/index.php?rest_route=\/wp\/v2\/pages\/15\/revisions\/239"}],"wp:attachment":[{"href":"https:\/\/elmot.de\/index.php?rest_route=%2Fwp%2Fv2%2Fmedia&parent=15"}],"curies":[{"name":"wp","href":"https:\/\/api.w.org\/{rel}","templated":true}]}}